{"id":1129,"date":"2022-12-16T11:11:13","date_gmt":"2022-12-16T10:11:13","guid":{"rendered":"https:\/\/www.campingarcolido.it\/attivita\/"},"modified":"2024-01-03T14:49:17","modified_gmt":"2024-01-03T13:49:17","slug":"sportliche-aktivitaten","status":"publish","type":"page","link":"https:\/\/www.campingarcolido.it\/de\/camping\/sportliche-aktivitaten\/","title":{"rendered":"Sportliche Aktivit\u00e4ten"},"content":{"rendered":"<p>Camping Arco Lido ist der perfekte Ort, um sich stets jung zu f\u00fchlen: Entdecke die Aktivit\u00e4ten, die du bei uns aus\u00fcben kannst.<\/p>\n","protected":false},"excerpt":{"rendered":"<p>Camping Arco Lido ist der perfekte Ort, um sich stets jung zu f\u00fchlen: Entdecke die Aktivit\u00e4ten, die du bei uns aus\u00fcben kannst.<\/p>\n","protected":false},"author":7,"featured_media":1130,"parent":1378,"menu_order":0,"comment_status":"closed","ping_status":"closed","template":"","meta":[],"acf":[],"yoast_head":"<!-- This site is optimized with the Yoast SEO plugin v19.12 - https:\/\/yoast.com\/wordpress\/plugins\/seo\/ -->\n<title>Sportliche Aktivit\u00e4ten - Camping Arco Lido<\/title>\n<meta name=\"description\" content=\"Camping Arco Lido ist der perfekte Ort, um sich stets jung zu f\u00fchlen: Entdecke die Aktivit\u00e4ten, die du bei uns aus\u00fcben kannst.\" \/>\n<meta name=\"robots\" content=\"index, follow, max-snippet:-1, max-image-preview:large, max-video-preview:-1\" \/>\n<link rel=\"canonical\" href=\"https:\/\/www.campingarcolido.it\/de\/camping\/sportliche-aktivitaten\/\" \/>\n<meta property=\"og:locale\" content=\"de_DE\" \/>\n<meta property=\"og:type\" content=\"article\" \/>\n<meta property=\"og:title\" content=\"Sportliche Aktivit\u00e4ten - Camping Arco Lido\" \/>\n<meta property=\"og:description\" content=\"Camping Arco Lido ist der perfekte Ort, um sich stets jung zu f\u00fchlen: Entdecke die Aktivit\u00e4ten, die du bei uns aus\u00fcben kannst.\" \/>\n<meta property=\"og:url\" content=\"https:\/\/www.campingarcolido.it\/de\/camping\/sportliche-aktivitaten\/\" \/>\n<meta property=\"og:site_name\" content=\"Camping Arco Lido\" \/>\n<meta property=\"article:publisher\" content=\"https:\/\/it-it.facebook.com\/CampingArco\/\" \/>\n<meta property=\"article:modified_time\" content=\"2024-01-03T13:49:17+00:00\" \/>\n<meta property=\"og:image\" content=\"https:\/\/www.campingarcolido.it\/wp-content\/uploads\/2022\/12\/attivita.jpg\" \/>\n\t<meta property=\"og:image:width\" content=\"690\" \/>\n\t<meta property=\"og:image:height\" content=\"601\" \/>\n\t<meta property=\"og:image:type\" content=\"image\/jpeg\" \/>\n<meta name=\"twitter:card\" content=\"summary_large_image\" \/>\n<meta name=\"twitter:label1\" content=\"Est. reading time\" \/>\n\t<meta name=\"twitter:data1\" content=\"1 Minute\" \/>\n<script type=\"application\/ld+json\" class=\"yoast-schema-graph\">{\"@context\":\"https:\/\/schema.org\",\"@graph\":[{\"@type\":\"WebPage\",\"@id\":\"https:\/\/www.campingarcolido.it\/de\/camping\/sportliche-aktivitaten\/\",\"url\":\"https:\/\/www.campingarcolido.it\/de\/camping\/sportliche-aktivitaten\/\",\"name\":\"Sportliche Aktivit\u00e4ten - Camping Arco Lido\",\"isPartOf\":{\"@id\":\"https:\/\/www.campingarcolido.it\/de\/#website\"},\"datePublished\":\"2022-12-16T10:11:13+00:00\",\"dateModified\":\"2024-01-03T13:49:17+00:00\",\"description\":\"Camping Arco Lido ist der perfekte Ort, um sich stets jung zu f\u00fchlen: Entdecke die Aktivit\u00e4ten, die du bei uns aus\u00fcben kannst.\",\"breadcrumb\":{\"@id\":\"https:\/\/www.campingarcolido.it\/de\/camping\/sportliche-aktivitaten\/#breadcrumb\"},\"inLanguage\":\"de-DE\",\"potentialAction\":[{\"@type\":\"ReadAction\",\"target\":[\"https:\/\/www.campingarcolido.it\/de\/camping\/sportliche-aktivitaten\/\"]}]},{\"@type\":\"BreadcrumbList\",\"@id\":\"https:\/\/www.campingarcolido.it\/de\/camping\/sportliche-aktivitaten\/#breadcrumb\",\"itemListElement\":[{\"@type\":\"ListItem\",\"position\":1,\"name\":\"Home\",\"item\":\"https:\/\/www.campingarcolido.it\/de\/\"},{\"@type\":\"ListItem\",\"position\":2,\"name\":\"Camping\",\"item\":\"https:\/\/www.campingarcolido.it\/de\/camping\/\"},{\"@type\":\"ListItem\",\"position\":3,\"name\":\"Sportliche Aktivit\u00e4ten\"}]},{\"@type\":\"WebSite\",\"@id\":\"https:\/\/www.campingarcolido.it\/de\/#website\",\"url\":\"https:\/\/www.campingarcolido.it\/de\/\",\"name\":\"Camping Arco Lido\",\"description\":\"La vacanza che ti libera la mente e ricarica le tue energie\",\"publisher\":{\"@id\":\"https:\/\/www.campingarcolido.it\/de\/#organization\"},\"potentialAction\":[{\"@type\":\"SearchAction\",\"target\":{\"@type\":\"EntryPoint\",\"urlTemplate\":\"https:\/\/www.campingarcolido.it\/de\/?s={search_term_string}\"},\"query-input\":\"required name=search_term_string\"}],\"inLanguage\":\"de-DE\"},{\"@type\":\"Organization\",\"@id\":\"https:\/\/www.campingarcolido.it\/de\/#organization\",\"name\":\"Camping Arco Lido\",\"url\":\"https:\/\/www.campingarcolido.it\/de\/\",\"logo\":{\"@type\":\"ImageObject\",\"inLanguage\":\"de-DE\",\"@id\":\"https:\/\/www.campingarcolido.it\/de\/#\/schema\/logo\/image\/\",\"url\":\"https:\/\/www.campingarcolido.it\/wp-content\/uploads\/2022\/12\/logo.svg\",\"contentUrl\":\"https:\/\/www.campingarcolido.it\/wp-content\/uploads\/2022\/12\/logo.svg\",\"width\":149,\"height\":124,\"caption\":\"Camping Arco Lido\"},\"image\":{\"@id\":\"https:\/\/www.campingarcolido.it\/de\/#\/schema\/logo\/image\/\"},\"sameAs\":[\"https:\/\/www.instagram.com\/campingarco\/\",\"https:\/\/it-it.facebook.com\/CampingArco\/\"]}]}<\/script>\n<!-- \/ Yoast SEO plugin. -->","yoast_head_json":{"title":"Sportliche Aktivit\u00e4ten - Camping Arco Lido","description":"Camping Arco Lido ist der perfekte Ort, um sich stets jung zu f\u00fchlen: Entdecke die Aktivit\u00e4ten, die du bei uns aus\u00fcben kannst.","robots":{"index":"index","follow":"follow","max-snippet":"max-snippet:-1","max-image-preview":"max-image-preview:large","max-video-preview":"max-video-preview:-1"},"canonical":"https:\/\/www.campingarcolido.it\/de\/camping\/sportliche-aktivitaten\/","og_locale":"de_DE","og_type":"article","og_title":"Sportliche Aktivit\u00e4ten - Camping Arco Lido","og_description":"Camping Arco Lido ist der perfekte Ort, um sich stets jung zu f\u00fchlen: Entdecke die Aktivit\u00e4ten, die du bei uns aus\u00fcben kannst.","og_url":"https:\/\/www.campingarcolido.it\/de\/camping\/sportliche-aktivitaten\/","og_site_name":"Camping Arco Lido","article_publisher":"https:\/\/it-it.facebook.com\/CampingArco\/","article_modified_time":"2024-01-03T13:49:17+00:00","og_image":[{"width":690,"height":601,"url":"https:\/\/www.campingarcolido.it\/wp-content\/uploads\/2022\/12\/attivita.jpg","type":"image\/jpeg"}],"twitter_card":"summary_large_image","twitter_misc":{"Est. reading time":"1 Minute"},"schema":{"@context":"https:\/\/schema.org","@graph":[{"@type":"WebPage","@id":"https:\/\/www.campingarcolido.it\/de\/camping\/sportliche-aktivitaten\/","url":"https:\/\/www.campingarcolido.it\/de\/camping\/sportliche-aktivitaten\/","name":"Sportliche Aktivit\u00e4ten - Camping Arco Lido","isPartOf":{"@id":"https:\/\/www.campingarcolido.it\/de\/#website"},"datePublished":"2022-12-16T10:11:13+00:00","dateModified":"2024-01-03T13:49:17+00:00","description":"Camping Arco Lido ist der perfekte Ort, um sich stets jung zu f\u00fchlen: Entdecke die Aktivit\u00e4ten, die du bei uns aus\u00fcben kannst.","breadcrumb":{"@id":"https:\/\/www.campingarcolido.it\/de\/camping\/sportliche-aktivitaten\/#breadcrumb"},"inLanguage":"de-DE","potentialAction":[{"@type":"ReadAction","target":["https:\/\/www.campingarcolido.it\/de\/camping\/sportliche-aktivitaten\/"]}]},{"@type":"BreadcrumbList","@id":"https:\/\/www.campingarcolido.it\/de\/camping\/sportliche-aktivitaten\/#breadcrumb","itemListElement":[{"@type":"ListItem","position":1,"name":"Home","item":"https:\/\/www.campingarcolido.it\/de\/"},{"@type":"ListItem","position":2,"name":"Camping","item":"https:\/\/www.campingarcolido.it\/de\/camping\/"},{"@type":"ListItem","position":3,"name":"Sportliche Aktivit\u00e4ten"}]},{"@type":"WebSite","@id":"https:\/\/www.campingarcolido.it\/de\/#website","url":"https:\/\/www.campingarcolido.it\/de\/","name":"Camping Arco Lido","description":"La vacanza che ti libera la mente e ricarica le tue energie","publisher":{"@id":"https:\/\/www.campingarcolido.it\/de\/#organization"},"potentialAction":[{"@type":"SearchAction","target":{"@type":"EntryPoint","urlTemplate":"https:\/\/www.campingarcolido.it\/de\/?s={search_term_string}"},"query-input":"required name=search_term_string"}],"inLanguage":"de-DE"},{"@type":"Organization","@id":"https:\/\/www.campingarcolido.it\/de\/#organization","name":"Camping Arco Lido","url":"https:\/\/www.campingarcolido.it\/de\/","logo":{"@type":"ImageObject","inLanguage":"de-DE","@id":"https:\/\/www.campingarcolido.it\/de\/#\/schema\/logo\/image\/","url":"https:\/\/www.campingarcolido.it\/wp-content\/uploads\/2022\/12\/logo.svg","contentUrl":"https:\/\/www.campingarcolido.it\/wp-content\/uploads\/2022\/12\/logo.svg","width":149,"height":124,"caption":"Camping Arco Lido"},"image":{"@id":"https:\/\/www.campingarcolido.it\/de\/#\/schema\/logo\/image\/"},"sameAs":["https:\/\/www.instagram.com\/campingarco\/","https:\/\/it-it.facebook.com\/CampingArco\/"]}]}},"_links":{"self":[{"href":"https:\/\/www.campingarcolido.it\/de\/wp-json\/wp\/v2\/pages\/1129"}],"collection":[{"href":"https:\/\/www.campingarcolido.it\/de\/wp-json\/wp\/v2\/pages"}],"about":[{"href":"https:\/\/www.campingarcolido.it\/de\/wp-json\/wp\/v2\/types\/page"}],"author":[{"embeddable":true,"href":"https:\/\/www.campingarcolido.it\/de\/wp-json\/wp\/v2\/users\/7"}],"replies":[{"embeddable":true,"href":"https:\/\/www.campingarcolido.it\/de\/wp-json\/wp\/v2\/comments?post=1129"}],"version-history":[{"count":5,"href":"https:\/\/www.campingarcolido.it\/de\/wp-json\/wp\/v2\/pages\/1129\/revisions"}],"predecessor-version":[{"id":1543,"href":"https:\/\/www.campingarcolido.it\/de\/wp-json\/wp\/v2\/pages\/1129\/revisions\/1543"}],"up":[{"embeddable":true,"href":"https:\/\/www.campingarcolido.it\/de\/wp-json\/wp\/v2\/pages\/1378"}],"wp:featuredmedia":[{"embeddable":true,"href":"https:\/\/www.campingarcolido.it\/de\/wp-json\/wp\/v2\/media\/1130"}],"wp:attachment":[{"href":"https:\/\/www.campingarcolido.it\/de\/wp-json\/wp\/v2\/media?parent=1129"}],"curies":[{"name":"wp","href":"https:\/\/api.w.org\/{rel}","templated":true}]}}